{"id":1322,"date":"2024-07-12T05:05:54","date_gmt":"2024-07-12T05:05:54","guid":{"rendered":"https:\/\/redes.situada.online\/home\/"},"modified":"2024-09-14T00:14:03","modified_gmt":"2024-09-14T00:14:03","slug":"inicio","status":"publish","type":"page","link":"https:\/\/redes.situada.online\/en\/","title":{"rendered":"Home"},"content":{"rendered":"<div class=\"wp-block-uagb-container uagb-block-494c42c4 alignfull uagb-is-root-container\"><div class=\"uagb-container-inner-blocks-wrap\">\n<div class=\"wp-block-uagb-advanced-heading uagb-block-72cf48f8\"><h1 class=\"uagb-heading-text\"><strong>Community Networks<\/strong><\/h1><\/div>\n\n\n\n<div class=\"wp-block-uagb-advanced-heading uagb-block-07350a9c\"><h2 class=\"uagb-heading-text\">Connecting communities towards an inclusive and sustainable digital future in the Maule Region, Chile <\/h2><\/div>\n<\/div><\/div>\n\n\n\n<div class=\"wp-block-uagb-container uagb-block-a38b4913 alignfull uagb-is-root-container\"><div class=\"uagb-container-inner-blocks-wrap\">\n<div class=\"wp-block-uagb-advanced-heading uagb-block-2b5f3149\"><h2 class=\"uagb-heading-text\">We seek to strengthen communities through equitable access to technology<\/h2><div class=\"uagb-separator\"><\/div><\/div>\n\n\n\n<div class=\"wp-block-uagb-advanced-heading uagb-block-ec0e4396\"><h2 class=\"uagb-heading-text\">Local Internet networks connect homes and empower women and groups by promoting digital inclusion and autonomy.<\/h2><\/div>\n\n\n\n<div style=\"height:100px\" aria-hidden=\"true\" class=\"wp-block-spacer\"><\/div>\n\n\n\n<div class=\"wp-block-uagb-container uagb-block-ed2081ea\">\n<div class=\"wp-block-uagb-container uagb-block-4eeee70a\">\n<div class=\"wp-block-uagb-info-box uagb-block-56d081d1 uagb-infobox__content-wrap  uagb-infobox-icon-above-title uagb-infobox-image-valign-top\"><div class=\"uagb-ifb-content\"><div class=\"uagb-ifb-image-content\"><img decoding=\"async\" src=\"https:\/\/redes.situada.online\/wp-content\/uploads\/2024\/07\/Analisis-Redes-comunitarias-scaled.jpg\" alt=\"\" width=\"1707\" height=\"2560\" loading=\"lazy\"\/><\/div><div class=\"uagb-ifb-title-wrap\"><h3 class=\"uagb-ifb-title\"><strong>Analysis and Diagnosis<\/strong><\/h3><\/div><p class=\"uagb-ifb-desc\">An exhaustive review of the literature on community Internet networks and a detailed analysis of the local context in the Maule Region will be carried out. Demographic data will be collected, and key interviews will be conducted. The aim is to analyze the possibilities and challenges of implementing community networks and highlight their inclusive potential.<\/p><\/div><\/div>\n<\/div>\n\n\n\n<div class=\"wp-block-uagb-container uagb-block-de9dc289\">\n<div class=\"wp-block-uagb-info-box uagb-block-b483e0d5 uagb-infobox__content-wrap  uagb-infobox-icon-above-title uagb-infobox-image-valign-top\"><div class=\"uagb-ifb-content\"><div class=\"uagb-ifb-image-content\"><img decoding=\"async\" src=\"https:\/\/redes.situada.online\/wp-content\/uploads\/2024\/07\/Redes-Comunitarias_Wifi-scaled-e1720927416352.jpg\" alt=\"\" width=\"1672\" height=\"2495\" loading=\"lazy\"\/><\/div><div class=\"uagb-ifb-title-wrap\"><h3 class=\"uagb-ifb-title\"><strong>Proposal Design<\/strong><\/h3><\/div><p class=\"uagb-ifb-desc\">A community network model will be developed for Maule, including technical aspects and economic sustainability. Principles of technological justice and gender equity will be integrated, and proposals will be formulated to promote inclusive participation and ensure environmental sustainability in implementing technological infrastructures.<\/p><\/div><\/div>\n<\/div>\n\n\n\n<div class=\"wp-block-uagb-container uagb-block-6edb74a0\">\n<div class=\"wp-block-uagb-info-box uagb-block-09a88236 uagb-infobox__content-wrap  uagb-infobox-icon-above-title uagb-infobox-image-valign-top\"><div class=\"uagb-ifb-content\"><div class=\"uagb-ifb-image-content\"><img decoding=\"async\" src=\"https:\/\/redes.situada.online\/wp-content\/uploads\/2024\/07\/Imagen_Implementacion-scaled.jpg\" alt=\"\" width=\"1707\" height=\"2560\" loading=\"lazy\"\/><\/div><div class=\"uagb-ifb-title-wrap\"><h3 class=\"uagb-ifb-title\"><strong>Implementation and Dissemination<\/strong><\/h3><\/div><p class=\"uagb-ifb-desc\">A community will implement a pilot plan to evaluate the proposed community network model, establish local alliances, and continuously monitor its performance. The results will be documented, focusing on gender equity and environmental justice and informing recommendations for inclusive public policies.<\/p><\/div><\/div>\n<\/div>\n<\/div>\n<\/div><\/div>\n\n\n\n<div class=\"wp-block-uagb-container uagb-block-fb32e4bf alignfull uagb-is-root-container\"><div class=\"uagb-container-inner-blocks-wrap\">\n<div class=\"wp-block-uagb-testimonial uagb-slick-carousel uagb-tm__arrow-outside uagb-block-9c9f7caf uagb-post__carousel_notset uagb-post__carousel_notset-tablet uagb-post__carousel_notset-mobile\"><div class=\"is-carousel uagb-tm__columns-1 uagb-tm__items\"><div class=\"uagb-testimonial__wrap  uagb-tm__imgicon-style-circle uagb-tm__image-position-top uagb-tm__bg-type-none\"><div class=\"uagb-tm__content\"><div class=\"uagb-tm__overlay\"><\/div><div class=\"uagb-tm__image-content\"><div class=\"uagb-tm__image\"><img decoding=\"async\" class=\"uagb-tm-img-src\" src=\"https:\/\/redes.situada.online\/wp-content\/uploads\/2024\/07\/cropped-cropped-cropped-cropped-Redes-Comunitarias-150x150.png\" alt=\"\" width=\"80\" height=\"80\" loading=\"lazy\"\/><\/div><\/div><div class=\"uagb-tm__text-wrap\"><div class=\"uagb-tm__desc\"><em>The commitment to environmental sustainability and gender equality drives a fairer and more accessible digital future for all people.<\/em><\/div><div class=\"uagb-tm__meta-inner\"><div class=\"uagb-testimonial-details\"><span class=\"uagb-tm__author-name\"><\/span><span class=\"uagb-tm__company\"><\/span><\/div><\/div><\/div><\/div><\/div><\/div><\/div>\n<\/div><\/div>\n\n\n\n<div class=\"wp-block-uagb-container uagb-block-f3942af0 alignfull uagb-is-root-container\"><div class=\"uagb-container-inner-blocks-wrap\">\n<div class=\"wp-block-uagb-container uagb-block-bcac75b1\">\n<div class=\"wp-block-uagb-info-box uagb-block-a01009d9 uagb-infobox__content-wrap  uagb-infobox-icon-above-title uagb-infobox-image-valign-top\"><div class=\"uagb-ifb-content\"><div class=\"uagb-ifb-title-wrap\"><span class=\"uagb-ifb-title-prefix\">About the Project<\/span><h4 class=\"uagb-ifb-title\"><strong>Community Internet Networks in the Maule Region &nbsp;<\/strong><\/h4><\/div><p class=\"uagb-ifb-desc\">The recent enactment of the Chilean law recognizing the Internet as a public service presents a significant opportunity to strengthen digital autonomy and reduce technological and gender gaps in technology in regions such as Maule. This project explores how community Internet networks can act as tools of resistance against technological inequalities. It is crucial to highlight that women and underrepresented groups face specific barriers to accessing and using technology.<\/p><div class=\"uagb-ifb-button-wrapper wp-block-button\"><a href=\"https:\/\/redes.situada.online\/en\/proyecto\/\" class=\"uagb-infobox-cta-link wp-block-button__link\" target=\"_self\" rel=\"noopener noreferrer\" onclick=\"return true;\"><span class=\"uagb-inline-editing\">Read more<\/span><svg xmlns=\"https:\/\/www.w3.org\/2000\/svg\" viewbox=\"0 0 448 512\"><path d=\"M438.6 278.6l-160 160C272.4 444.9 264.2 448 256 448s-16.38-3.125-22.62-9.375c-12.5-12.5-12.5-32.75 0-45.25L338.8 288H32C14.33 288 .0016 273.7 .0016 256S14.33 224 32 224h306.8l-105.4-105.4c-12.5-12.5-12.5-32.75 0-45.25s32.75-12.5 45.25 0l160 160C451.1 245.9 451.1 266.1 438.6 278.6z\"><\/path><\/svg><\/a><\/div><\/div><\/div>\n<\/div>\n\n\n\n<div class=\"wp-block-uagb-container uagb-block-0408e4b0\">\n<div class=\"wp-block-uagb-image uagb-block-db147eec wp-block-uagb-image--layout-default wp-block-uagb-image--effect-static wp-block-uagb-image--align-none\"><figure class=\"wp-block-uagb-image__figure\"><img decoding=\"async\" srcset=\"https:\/\/redes.situada.online\/wp-content\/uploads\/2024\/07\/Wifi__-1024x1024.jpg ,https:\/\/redes.situada.online\/wp-content\/uploads\/2024\/07\/Wifi__-scaled.jpg 780w, https:\/\/redes.situada.online\/wp-content\/uploads\/2024\/07\/Wifi__-scaled.jpg 360w\" sizes=\"(max-width: 480px) 150px\" src=\"https:\/\/redes.situada.online\/wp-content\/uploads\/2024\/07\/Wifi__-1024x1024.jpg\" alt=\"\" class=\"uag-image-2355\" width=\"1024\" height=\"1024\" title=\"Wifi__\" loading=\"lazy\" role=\"img\"\/><\/figure><\/div>\n<\/div>\n<\/div><\/div>\n\n\n\n<div class=\"wp-block-uagb-advanced-heading uagb-block-2dd4d2bd\"><h2 class=\"uagb-heading-text\">Proyectos Relacionados<\/h2><div class=\"uagb-separator\"><\/div><\/div>\n\n\n\n<div class=\"wp-block-uagb-container uagb-block-22e50c59 alignfull uagb-is-root-container\"><div class=\"uagb-container-inner-blocks-wrap\">\n<div class=\"wp-block-uagb-container uagb-block-984364cc\">\n<div class=\"wp-block-uagb-info-box uagb-block-f9589f04 uagb-infobox__content-wrap  uagb-infobox-icon-above-title uagb-infobox-image-valign-top\"><div class=\"uagb-ifb-content\"><div class=\"uagb-ifb-image-content\"><img decoding=\"async\" src=\"https:\/\/redes.situada.online\/wp-content\/uploads\/2024\/09\/Digital-Commons-1.png\" alt=\"\" width=\"\" height=\"0\" loading=\"lazy\"\/><\/div><div class=\"uagb-ifb-title-wrap\"><h3 class=\"uagb-ifb-title\">Digital Commons<\/h3><\/div><p class=\"uagb-ifb-desc\">This project investigates the impact of digital commons in the region, focusing on understanding the role of feminist digital commons and its influence in the fight for gender equality and social justice. Using an interdisciplinary approach, she deepens her understanding and relationship with local feminist movements.<\/p><div class=\"uagb-ifb-button-wrapper wp-block-button\"><a href=\"https:\/\/comunes.situada.online\/\" class=\"uagb-infobox-cta-link wp-block-button__link\" target=\"_self\" rel=\"noopener noreferrer\" onclick=\"return true;\"><span class=\"uagb-inline-editing\">Read more<\/span><svg xmlns=\"https:\/\/www.w3.org\/2000\/svg\" viewbox=\"0 0 512 512\"><path d=\"M504.3 273.6l-112.1 104c-6.992 6.484-17.18 8.218-25.94 4.406c-8.758-3.812-14.42-12.45-14.42-21.1L351.9 288H32C14.33 288 .0002 273.7 .0002 255.1S14.33 224 32 224h319.9l0-72c0-9.547 5.66-18.19 14.42-22c8.754-3.809 18.95-2.075 25.94 4.41l112.1 104C514.6 247.9 514.6 264.1 504.3 273.6z\"><\/path><\/svg><\/a><\/div><\/div><\/div>\n<\/div>\n\n\n\n<div class=\"wp-block-uagb-container uagb-block-99b223f7\">\n<div class=\"wp-block-uagb-info-box uagb-block-864649eb uagb-infobox__content-wrap  uagb-infobox-icon-above-title uagb-infobox-image-valign-top\"><div class=\"uagb-ifb-content\"><div class=\"uagb-ifb-image-content\"><img decoding=\"async\" src=\"https:\/\/redes.situada.online\/wp-content\/uploads\/2024\/09\/Technological-Resistances.png\" alt=\"\" width=\"\" height=\"0\" loading=\"lazy\"\/><\/div><div class=\"uagb-ifb-title-wrap\"><h3 class=\"uagb-ifb-title\">Technological Resistances<\/h3><\/div><p class=\"uagb-ifb-desc\">This project investigates technological resistance in LAC. Analyzes the use of technology as a tool of resistance and its oppressive risks. Develops technological justice proposals to promote equity and digital autonomy, integrating principles of socio-environmental justice and forming collaborative networks and ethical public policies.<\/p><div class=\"uagb-ifb-button-wrapper wp-block-button\"><a href=\"https:\/\/resistencias.situada.online\/\" class=\"uagb-infobox-cta-link wp-block-button__link\" target=\"_self\" rel=\"noopener noreferrer\" onclick=\"return true;\"><span class=\"uagb-inline-editing\">Read more<\/span><svg xmlns=\"https:\/\/www.w3.org\/2000\/svg\" viewbox=\"0 0 512 512\"><path d=\"M504.3 273.6l-112.1 104c-6.992 6.484-17.18 8.218-25.94 4.406c-8.758-3.812-14.42-12.45-14.42-21.1L351.9 288H32C14.33 288 .0002 273.7 .0002 255.1S14.33 224 32 224h319.9l0-72c0-9.547 5.66-18.19 14.42-22c8.754-3.809 18.95-2.075 25.94 4.41l112.1 104C514.6 247.9 514.6 264.1 504.3 273.6z\"><\/path><\/svg><\/a><\/div><\/div><\/div>\n<\/div>\n<\/div><\/div>\n\n\n\n<div style=\"height:50px\" aria-hidden=\"true\" class=\"wp-block-spacer\"><\/div>\n\n\n\n<div class=\"wp-block-uagb-container uagb-block-05a4a518 alignfull uagb-is-root-container\"><div class=\"uagb-container-inner-blocks-wrap\">\n<div class=\"wp-block-uagb-info-box uagb-block-9a97965e uagb-infobox__content-wrap  uagb-infobox-icon-above-title uagb-infobox-image-valign-top\"><div class=\"uagb-ifb-content\"><div class=\"uagb-ifb-title-wrap\"><h1 class=\"uagb-ifb-title\">situada.online<\/h1><\/div><p class=\"uagb-ifb-desc\">We explore technology from a Latin American and feminist perspective, recognizing it as a space of power and possibility that we seek to transform.<\/p><div class=\"uagb-ifb-button-wrapper wp-block-button\"><a href=\"https:\/\/situada.online\/\" class=\"uagb-infobox-cta-link wp-block-button__link\" target=\"_blank\" rel=\"noopener noreferrer\" onclick=\"return true;\"><span class=\"uagb-inline-editing\">Read more<\/span><svg xmlns=\"https:\/\/www.w3.org\/2000\/svg\" viewbox=\"0 0 448 512\"><path d=\"M438.6 278.6l-160 160C272.4 444.9 264.2 448 256 448s-16.38-3.125-22.62-9.375c-12.5-12.5-12.5-32.75 0-45.25L338.8 288H32C14.33 288 .0016 273.7 .0016 256S14.33 224 32 224h306.8l-105.4-105.4c-12.5-12.5-12.5-32.75 0-45.25s32.75-12.5 45.25 0l160 160C451.1 245.9 451.1 266.1 438.6 278.6z\"><\/path><\/svg><\/a><\/div><\/div><\/div>\n<\/div><\/div>","protected":false},"excerpt":{"rendered":"<p>Redes Comunitarias Conectando comunidades hacia un futuro digital inclusivo y sostenible en la Regi\u00f3n del Maule, Chile Buscamos fortalecer comunidades a trav\u00e9s del acceso equitativo a la tecnolog\u00eda Las redes locales de Internet no solo conectan hogares, tambi\u00e9n empoderan a mujeres y grupos promoviendo la inclusi\u00f3n digital y la autonom\u00eda. Proyectos Relacionados<\/p>","protected":false},"author":1,"featured_media":0,"parent":0,"menu_order":0,"comment_status":"closed","ping_status":"closed","template":"","meta":{"_uag_custom_page_level_css":"","site-sidebar-layout":"no-sidebar","site-content-layout":"page-builder","ast-site-content-layout":"full-width-container","site-content-style":"unboxed","site-sidebar-style":"unboxed","ast-global-header-display":"","ast-banner-title-visibility":"","ast-main-header-display":"","ast-hfb-above-header-display":"","ast-hfb-below-header-display":"","ast-hfb-mobile-header-display":"","site-post-title":"disabled","ast-breadcrumbs-content":"","ast-featured-img":"disabled","footer-sml-layout":"","theme-transparent-header-meta":"enabled","adv-header-id-meta":"","stick-header-meta":"","header-above-stick-meta":"","header-main-stick-meta":"","header-below-stick-meta":"","astra-migrate-meta-layouts":"set","ast-page-background-enabled":"default","ast-page-background-meta":{"desktop":{"background-color":"var(--ast-global-color-4)","background-image":"","background-repeat":"repeat","background-position":"center center","background-size":"auto","background-attachment":"scroll","background-type":"","background-media":"","overlay-type":"","overlay-color":"","overlay-opacity":"","overlay-gradient":""},"tablet":{"background-color":"","background-image":"","background-repeat":"repeat","background-position":"center center","background-size":"auto","background-attachment":"scroll","background-type":"","background-media":"","overlay-type":"","overlay-color":"","overlay-opacity":"","overlay-gradient":""},"mobile":{"background-color":"","background-image":"","background-repeat":"repeat","background-position":"center center","background-size":"auto","background-attachment":"scroll","background-type":"","background-media":"","overlay-type":"","overlay-color":"","overlay-opacity":"","overlay-gradient":""}},"ast-content-background-meta":{"desktop":{"background-color":"var(--ast-global-color-5)","background-image":"","background-repeat":"repeat","background-position":"center center","background-size":"auto","background-attachment":"scroll","background-type":"","background-media":"","overlay-type":"","overlay-color":"","overlay-opacity":"","overlay-gradient":""},"tablet":{"background-color":"var(--ast-global-color-5)","background-image":"","background-repeat":"repeat","background-position":"center center","background-size":"auto","background-attachment":"scroll","background-type":"","background-media":"","overlay-type":"","overlay-color":"","overlay-opacity":"","overlay-gradient":""},"mobile":{"background-color":"var(--ast-global-color-5)","background-image":"","background-repeat":"repeat","background-position":"center center","background-size":"auto","background-attachment":"scroll","background-type":"","background-media":"","overlay-type":"","overlay-color":"","overlay-opacity":"","overlay-gradient":""}},"footnotes":""},"uagb_featured_image_src":{"full":false,"thumbnail":false,"medium":false,"medium_large":false,"large":false,"1536x1536":false,"2048x2048":false,"trp-custom-language-flag":false},"uagb_author_info":{"display_name":"constanza.gonzalezveliz","author_link":"https:\/\/redes.situada.online\/en\/author\/constanza-gonzalezveliz\/"},"uagb_comment_info":0,"uagb_excerpt":"Redes Comunitarias Conectando comunidades hacia un futuro digital inclusivo y sostenible en la Regi\u00f3n del Maule, Chile Buscamos fortalecer comunidades a trav\u00e9s del acceso equitativo a la tecnolog\u00eda Las redes locales de Internet no solo conectan hogares, tambi\u00e9n empoderan a mujeres y grupos promoviendo la inclusi\u00f3n digital y la autonom\u00eda. Proyectos Relacionados","_links":{"self":[{"href":"https:\/\/redes.situada.online\/en\/wp-json\/wp\/v2\/pages\/1322"}],"collection":[{"href":"https:\/\/redes.situada.online\/en\/wp-json\/wp\/v2\/pages"}],"about":[{"href":"https:\/\/redes.situada.online\/en\/wp-json\/wp\/v2\/types\/page"}],"author":[{"embeddable":true,"href":"https:\/\/redes.situada.online\/en\/wp-json\/wp\/v2\/users\/1"}],"replies":[{"embeddable":true,"href":"https:\/\/redes.situada.online\/en\/wp-json\/wp\/v2\/comments?post=1322"}],"version-history":[{"count":58,"href":"https:\/\/redes.situada.online\/en\/wp-json\/wp\/v2\/pages\/1322\/revisions"}],"predecessor-version":[{"id":2424,"href":"https:\/\/redes.situada.online\/en\/wp-json\/wp\/v2\/pages\/1322\/revisions\/2424"}],"wp:attachment":[{"href":"https:\/\/redes.situada.online\/en\/wp-json\/wp\/v2\/media?parent=1322"}],"curies":[{"name":"wp","href":"https:\/\/api.w.org\/{rel}","templated":true}]}}