{"id":1324,"date":"2024-07-12T05:05:54","date_gmt":"2024-07-12T05:05:54","guid":{"rendered":"https:\/\/redes.situada.online\/about\/"},"modified":"2024-07-16T01:15:13","modified_gmt":"2024-07-16T01:15:13","slug":"proyecto","status":"publish","type":"page","link":"https:\/\/redes.situada.online\/en\/proyecto\/","title":{"rendered":"About the Project"},"content":{"rendered":"<div class=\"wp-block-uagb-container uagb-block-3ad17e27 alignfull uagb-is-root-container\"><div class=\"uagb-container-inner-blocks-wrap\">\n<div class=\"wp-block-uagb-advanced-heading uagb-block-8a1eebc0\"><h1 class=\"uagb-heading-text\">About the Project<\/h1><\/div>\n<\/div><\/div>\n\n\n\n<div class=\"wp-block-uagb-container uagb-block-0b5ad739 alignfull uagb-is-root-container\"><div class=\"uagb-container-inner-blocks-wrap\">\n<div class=\"wp-block-uagb-container uagb-block-f8ec2bd3 alignfull uagb-is-root-container\"><div class=\"uagb-container-inner-blocks-wrap\">\n<div class=\"wp-block-uagb-info-box uagb-block-4ac35e7e uagb-infobox__content-wrap  uagb-infobox-icon-above-title uagb-infobox-image-valign-top\"><div class=\"uagb-ifb-content\"><div class=\"uagb-ifb-title-wrap\"><h3 class=\"uagb-ifb-title\"><strong>Background<\/strong><\/h3><\/div><p class=\"uagb-ifb-desc\">In Chile, the recent law recognizing the Internet as a public service opens new opportunities to strengthen digital autonomy in regions such as Maule. Rural women and communities face significant challenges in accessing and using technology, exacerbated by economic and cultural barriers. This study is inspired by international models of successful community networks, which have proven effective in empowering marginalized communities. Integrating a feminist perspective, it seeks to identify how these networks can improve connectivity and promote gender-equitable participation and sustainable practices. Through the review of public policies and analysis of local cases, the aim is to generate concrete recommendations to support the expansion of these initiatives, ensuring inclusive and environmentally responsible benefits for Maule and other similar regions.<\/p><\/div><\/div>\n<\/div><\/div>\n<\/div><\/div>\n\n\n\n<div class=\"wp-block-uagb-container uagb-block-1d36acd4 alignfull uagb-is-root-container\"><div class=\"uagb-container-inner-blocks-wrap\">\n<div class=\"wp-block-uagb-container uagb-block-e0d4fef0 alignfull uagb-is-root-container\"><div class=\"uagb-container-inner-blocks-wrap\">\n<div class=\"wp-block-uagb-advanced-heading uagb-block-c5fdb3a6\"><h2 class=\"uagb-heading-text\"><strong>General Objective<\/strong><\/h2><\/div>\n\n\n\n<div class=\"wp-block-uagb-advanced-heading uagb-block-04bfc1f1\"><h2 class=\"uagb-heading-text\">Analyze the possibilities and challenges of implementing community Internet networks in the Maule Region, Chile, in the context of the new law that qualifies the Internet as a public service. This study will focus on understanding how these networks can promote the digital inclusion of marginalized groups, especially women and other underrepresented groups, thus reducing technological and gender gaps in the region.<\/h2><\/div>\n<\/div><\/div>\n\n\n\n<div class=\"wp-block-uagb-separator uagb-block-d6a43a32\"><div class=\"wp-block-uagb-separator__inner\" style=\"--my-background-image:url(&quot;data:image\/svg+xml,%3Csvg width='16' height='16' viewBox='0 0 16 16' fill='none' xmlns='http:\/\/www.w3.org\/2000\/svg'%3E%3Cpath d='M6.29312 16.9999L17 6.29302M14.2931 16.9999L17 14.293M-0.707031 15.9999L16.0002 -0.707153M8.00017 -0.707153L-0.706882 7.9999' stroke='black'\/%3E%3C\/svg%3E&quot;)\"><\/div><\/div>\n\n\n\n<div class=\"wp-block-uagb-container uagb-block-15589d40 alignfull uagb-is-root-container\"><div class=\"uagb-container-inner-blocks-wrap\">\n<div class=\"wp-block-uagb-info-box uagb-block-c86aa0c7 uagb-infobox__content-wrap  uagb-infobox-icon-above-title uagb-infobox-image-valign-top\"><div class=\"uagb-ifb-content\"><div class=\"uagb-ifb-title-wrap\"><h3 class=\"uagb-ifb-title\"><strong>Specific Objectives<\/strong><\/h3><\/div><p class=\"uagb-ifb-desc\">1. Conduct an exhaustive literature review on international models of Internet community networks, highlighting successful practices.<br><br>2. Analyze the impact of similar legislation and public policies on connectivity and digital autonomy, focusing on their effects on gender equity and social inclusion in rural and semi-urban contexts.<br><br>3. Study local cases in Maule where community Internet networks have been implemented or are being considered, evaluating their effectiveness in improving access and equitable use of technology, especially for women and vulnerable communities.<br><br>4. Develop a theoretical and practical proposal for implementing community networks in Maule, including specific strategies to promote equitable gender participation and ensure the environmental sustainability of the proposed infrastructures.<br><br>5. Generate recommendations for public policies that support the expansion and sustainability of community Internet networks in Chile, integrating principles of environmental justice and gender equity in the access and use of technology.<\/p><\/div><\/div>\n\n\n\n<div class=\"wp-block-uagb-separator uagb-block-75177ccb\"><div class=\"wp-block-uagb-separator__inner\" style=\"--my-background-image:url(&quot;data:image\/svg+xml,%3Csvg width='16' height='16' viewBox='0 0 16 16' fill='none' xmlns='http:\/\/www.w3.org\/2000\/svg'%3E%3Cpath d='M6.29312 16.9999L17 6.29302M14.2931 16.9999L17 14.293M-0.707031 15.9999L16.0002 -0.707153M8.00017 -0.707153L-0.706882 7.9999' stroke='black'\/%3E%3C\/svg%3E&quot;)\"><\/div><\/div>\n<\/div><\/div>\n\n\n\n<div class=\"wp-block-uagb-advanced-heading uagb-block-34ed029b\"><h2 class=\"uagb-heading-text\"><strong>Description<\/strong><\/h2><\/div>\n\n\n\n<div class=\"wp-block-uagb-container uagb-block-939431e5 alignfull uagb-is-root-container\"><div class=\"uagb-container-inner-blocks-wrap\">\n<div class=\"wp-block-uagb-container uagb-block-573a5cb5\">\n<div class=\"wp-block-uagb-info-box uagb-block-df9bbc36 uagb-infobox__content-wrap  uagb-infobox-icon-above-title uagb-infobox-image-valign-top\"><div class=\"uagb-ifb-content\"><div class=\"uagb-ifb-icon-wrap\"><svg xmlns=\"https:\/\/www.w3.org\/2000\/svg\" viewbox=\"0 0 512 512\"><path d=\"M0 256C0 114.6 114.6 0 256 0C397.4 0 512 114.6 512 256C512 397.4 397.4 512 256 512C114.6 512 0 397.4 0 256zM371.8 211.8C382.7 200.9 382.7 183.1 371.8 172.2C360.9 161.3 343.1 161.3 332.2 172.2L224 280.4L179.8 236.2C168.9 225.3 151.1 225.3 140.2 236.2C129.3 247.1 129.3 264.9 140.2 275.8L204.2 339.8C215.1 350.7 232.9 350.7 243.8 339.8L371.8 211.8z\"><\/path><\/svg><\/div><div class=\"uagb-ifb-title-wrap\"><h3 class=\"uagb-ifb-title\"><strong>Analysis and Diagnosis<\/strong><\/h3><\/div><p class=\"uagb-ifb-desc\">A comprehensive review of the literature on Internet community networks will focus on successful models and their application in social and digital inclusion. Additionally, a detailed analysis of the local context in the Maule Region will be carried out, with demographic and infrastructure data collected and interviews conducted to understand the specific needs for connectivity and community participation. It is expected to obtain a detailed analysis of the possibilities and challenges of its implementation, highlighting its potential to strengthen digital inclusion and reduce technological and gender gaps.<\/p><\/div><\/div>\n<\/div>\n\n\n\n<div class=\"wp-block-uagb-container uagb-block-b88229aa\">\n<div class=\"wp-block-uagb-info-box uagb-block-702124e6 uagb-infobox__content-wrap  uagb-infobox-icon-above-title uagb-infobox-image-valign-top\"><div class=\"uagb-ifb-content\"><div class=\"uagb-ifb-icon-wrap\"><svg xmlns=\"https:\/\/www.w3.org\/2000\/svg\" viewbox=\"0 0 512 512\"><path d=\"M0 256C0 114.6 114.6 0 256 0C397.4 0 512 114.6 512 256C512 397.4 397.4 512 256 512C114.6 512 0 397.4 0 256zM371.8 211.8C382.7 200.9 382.7 183.1 371.8 172.2C360.9 161.3 343.1 161.3 332.2 172.2L224 280.4L179.8 236.2C168.9 225.3 151.1 225.3 140.2 236.2C129.3 247.1 129.3 264.9 140.2 275.8L204.2 339.8C215.1 350.7 232.9 350.7 243.8 339.8L371.8 211.8z\"><\/path><\/svg><\/div><div class=\"uagb-ifb-title-wrap\"><h3 class=\"uagb-ifb-title\"><strong>Proposal Design<\/strong><\/h3><\/div><p class=\"uagb-ifb-desc\">A theoretical-practical model of a community network adapted to the context of the Maule Region will be developed, addressing technical aspects and designing a sustainable economic and operational plan. Technological justice principles will be integrated to ensure equitable accessibility and inclusive social benefits. The formulation of concrete proposals for implementing networks adapted to the local reality is anticipated, focused on promoting equitable gender participation and ensuring the environmental sustainability of the proposed infrastructures, thus contributing to closing technological and gender gaps in the Region.<\/p><\/div><\/div>\n<\/div>\n\n\n\n<div class=\"wp-block-uagb-container uagb-block-bfce88bc\">\n<div class=\"wp-block-uagb-info-box uagb-block-2bcb8fe7 uagb-infobox__content-wrap  uagb-infobox-icon-above-title uagb-infobox-image-valign-top\"><div class=\"uagb-ifb-content\"><div class=\"uagb-ifb-icon-wrap\"><svg xmlns=\"https:\/\/www.w3.org\/2000\/svg\" viewbox=\"0 0 512 512\"><path d=\"M0 256C0 114.6 114.6 0 256 0C397.4 0 512 114.6 512 256C512 397.4 397.4 512 256 512C114.6 512 0 397.4 0 256zM371.8 211.8C382.7 200.9 382.7 183.1 371.8 172.2C360.9 161.3 343.1 161.3 332.2 172.2L224 280.4L179.8 236.2C168.9 225.3 151.1 225.3 140.2 236.2C129.3 247.1 129.3 264.9 140.2 275.8L204.2 339.8C215.1 350.7 232.9 350.7 243.8 339.8L371.8 211.8z\"><\/path><\/svg><\/div><div class=\"uagb-ifb-title-wrap\"><h3 class=\"uagb-ifb-title\"><strong>Implementation and Dissemination<\/strong><\/h3><\/div><p class=\"uagb-ifb-desc\">A pilot plan will be implemented in a selected community in the Maule Region to evaluate the proposed community network model. Local partnerships will be established, a detailed schedule will be developed, and ongoing monitoring will occur to adjust the model as necessary. The results will be documented and disseminated, focusing primarily on gender equity and environmental justice. Recommendations will be generated for public policies that support the expansion and sustainability of these networks, incorporating principles of environmental justice and gender equity in the access and use of technology.<\/p><\/div><\/div>\n<\/div>\n<\/div><\/div>\n\n\n\n<div class=\"wp-block-uagb-separator uagb-block-685a4415\"><div class=\"wp-block-uagb-separator__inner\" style=\"--my-background-image:url(&quot;data:image\/svg+xml,%3Csvg width='16' height='16' viewBox='0 0 16 16' fill='none' xmlns='http:\/\/www.w3.org\/2000\/svg'%3E%3Cpath d='M6.29312 16.9999L17 6.29302M14.2931 16.9999L17 14.293M-0.707031 15.9999L16.0002 -0.707153M8.00017 -0.707153L-0.706882 7.9999' stroke='black'\/%3E%3C\/svg%3E&quot;)\"><\/div><\/div>\n\n\n\n<div class=\"wp-block-uagb-advanced-heading uagb-block-040d76e4\"><h2 class=\"uagb-heading-text\"><strong><strong>Timetable<\/strong><\/strong><\/h2><\/div>\n\n\n\n<div class=\"wp-block-uagb-info-box uagb-block-9c827668 uagb-infobox__content-wrap  uagb-infobox-icon-above-title uagb-infobox-image-valign-top\"><div class=\"uagb-ifb-content\"><div class=\"uagb-ifb-title-wrap\"><\/div><p class=\"uagb-ifb-desc\">Start: January 2025<br>End: December 2025<\/p><\/div><\/div>\n\n\n\n<div class=\"wp-block-uagb-separator uagb-block-575d5799\"><div class=\"wp-block-uagb-separator__inner\" style=\"--my-background-image:\"><\/div><\/div>\n<\/div><\/div>","protected":false},"excerpt":{"rendered":"<p>Proyecto Objetivo General Analizar las posibilidades y desaf\u00edos de implementar redes comunitarias de Internet en la Regi\u00f3n del Maule, Chile, en el contexto de la nueva ley que califica Internet como un servicio p\u00fablico. Este estudio se enfocar\u00e1 en comprender c\u00f3mo estas redes pueden promover la inclusi\u00f3n digital de grupos marginalizados, especialmente mujeres y otros [&hellip;]<\/p>","protected":false},"author":1,"featured_media":0,"parent":0,"menu_order":0,"comment_status":"closed","ping_status":"closed","template":"","meta":{"_uag_custom_page_level_css":"","site-sidebar-layout":"no-sidebar","site-content-layout":"page-builder","ast-site-content-layout":"full-width-container","site-content-style":"unboxed","site-sidebar-style":"default","ast-global-header-display":"","ast-banner-title-visibility":"","ast-main-header-display":"","ast-hfb-above-header-display":"","ast-hfb-below-header-display":"","ast-hfb-mobile-header-display":"","site-post-title":"disabled","ast-breadcrumbs-content":"","ast-featured-img":"disabled","footer-sml-layout":"","theme-transparent-header-meta":"enabled","adv-header-id-meta":"","stick-header-meta":"","header-above-stick-meta":"","header-main-stick-meta":"","header-below-stick-meta":"","astra-migrate-meta-layouts":"set","ast-page-background-enabled":"default","ast-page-background-meta":{"desktop":{"background-color":"var(--ast-global-color-4)","background-image":"","background-repeat":"repeat","background-position":"center center","background-size":"auto","background-attachment":"scroll","background-type":"","background-media":"","overlay-type":"","overlay-color":"","overlay-opacity":"","overlay-gradient":""},"tablet":{"background-color":"","background-image":"","background-repeat":"repeat","background-position":"center center","background-size":"auto","background-attachment":"scroll","background-type":"","background-media":"","overlay-type":"","overlay-color":"","overlay-opacity":"","overlay-gradient":""},"mobile":{"background-color":"","background-image":"","background-repeat":"repeat","background-position":"center center","background-size":"auto","background-attachment":"scroll","background-type":"","background-media":"","overlay-type":"","overlay-color":"","overlay-opacity":"","overlay-gradient":""}},"ast-content-background-meta":{"desktop":{"background-color":"var(--ast-global-color-5)","background-image":"","background-repeat":"repeat","background-position":"center center","background-size":"auto","background-attachment":"scroll","background-type":"","background-media":"","overlay-type":"","overlay-color":"","overlay-opacity":"","overlay-gradient":""},"tablet":{"background-color":"var(--ast-global-color-5)","background-image":"","background-repeat":"repeat","background-position":"center center","background-size":"auto","background-attachment":"scroll","background-type":"","background-media":"","overlay-type":"","overlay-color":"","overlay-opacity":"","overlay-gradient":""},"mobile":{"background-color":"var(--ast-global-color-5)","background-image":"","background-repeat":"repeat","background-position":"center center","background-size":"auto","background-attachment":"scroll","background-type":"","background-media":"","overlay-type":"","overlay-color":"","overlay-opacity":"","overlay-gradient":""}},"footnotes":""},"uagb_featured_image_src":{"full":false,"thumbnail":false,"medium":false,"medium_large":false,"large":false,"1536x1536":false,"2048x2048":false,"trp-custom-language-flag":false},"uagb_author_info":{"display_name":"constanza.gonzalezveliz","author_link":"https:\/\/redes.situada.online\/en\/author\/constanza-gonzalezveliz\/"},"uagb_comment_info":0,"uagb_excerpt":"Proyecto Objetivo General Analizar las posibilidades y desaf\u00edos de implementar redes comunitarias de Internet en la Regi\u00f3n del Maule, Chile, en el contexto de la nueva ley que califica Internet como un servicio p\u00fablico. Este estudio se enfocar\u00e1 en comprender c\u00f3mo estas redes pueden promover la inclusi\u00f3n digital de grupos marginalizados, especialmente mujeres y otros&hellip;","_links":{"self":[{"href":"https:\/\/redes.situada.online\/en\/wp-json\/wp\/v2\/pages\/1324"}],"collection":[{"href":"https:\/\/redes.situada.online\/en\/wp-json\/wp\/v2\/pages"}],"about":[{"href":"https:\/\/redes.situada.online\/en\/wp-json\/wp\/v2\/types\/page"}],"author":[{"embeddable":true,"href":"https:\/\/redes.situada.online\/en\/wp-json\/wp\/v2\/users\/1"}],"replies":[{"embeddable":true,"href":"https:\/\/redes.situada.online\/en\/wp-json\/wp\/v2\/comments?post=1324"}],"version-history":[{"count":31,"href":"https:\/\/redes.situada.online\/en\/wp-json\/wp\/v2\/pages\/1324\/revisions"}],"predecessor-version":[{"id":2376,"href":"https:\/\/redes.situada.online\/en\/wp-json\/wp\/v2\/pages\/1324\/revisions\/2376"}],"wp:attachment":[{"href":"https:\/\/redes.situada.online\/en\/wp-json\/wp\/v2\/media?parent=1324"}],"curies":[{"name":"wp","href":"https:\/\/api.w.org\/{rel}","templated":true}]}}